{"id":1924,"date":"2023-06-14T10:47:22","date_gmt":"2023-06-14T01:47:22","guid":{"rendered":"https:\/\/www.hamajima.co.jp\/rika\/bio\/?page_id=1924"},"modified":"2023-06-14T11:07:35","modified_gmt":"2023-06-14T02:07:35","slug":"islandrule","status":"publish","type":"page","link":"https:\/\/www.hamajima.co.jp\/rika\/bio\/islandrule\/","title":{"rendered":"\u3010\u9032\u5316View\u3011\u5cf6\u5dbc\u5316 &#8211; \u30d5\u30a9\u30b9\u30bf\u30fc\u306e\u898f\u5247"},"content":{"rendered":"\n<div class=\"wp-block-media-text alignwide is-stacked-on-mobile is-vertically-aligned-center\" style=\"grid-template-columns:20% auto\"><figure class=\"wp-block-media-text__media\"><img loading=\"lazy\" decoding=\"async\" width=\"348\" height=\"90\" src=\"https:\/\/www.hamajima.co.jp\/rika\/bio\/wp-content\/uploads\/2022\/09\/web_shinka_View_icon-1.png\" alt=\"\" class=\"wp-image-1169 size-full\" srcset=\"https:\/\/www.hamajima.co.jp\/rika\/bio\/wp-content\/uploads\/2022\/09\/web_shinka_View_icon-1.png 348w, https:\/\/www.hamajima.co.jp\/rika\/bio\/wp-content\/uploads\/2022\/09\/web_shinka_View_icon-1-300x78.png 300w\" sizes=\"auto, (max-width: 348px) 100vw, 348px\" \/><\/figure><div class=\"wp-block-media-text__content\">\n<p style=\"font-size:30px\"><strong><ruby>\u5cf6<rp>(<\/rp><rt>\u3068\u3046<\/rt><rp>)<\/rp>\u5dbc<rp>(<\/rp><rt>\u3057\u3087<\/rt><rp>)<\/rp><\/ruby>\u5316 &#8211; \u30d5\u30a9\u30b9\u30bf\u30fc\u306e\u898f\u5247<\/strong><\/p>\n<\/div><\/div>\n\n\n\n<p>\u4e16\u754c\u4e2d\u306b\u306f\u69d8\u3005\u306a\u6c17\u5019\u304c\u3042\u308a\uff0c\u69d8\u3005\u306a\u751f\u7269\u304c\u9069\u5fdc\u3057\u3066\u3044\u308b\u3002\u30af\u30de\u306a\u3069\u54fa\u4e73\u985e\u3092\u4f8b\u306b\uff0c\u8fd1\u7e01\u306a\u7a2e\u3069\u3046\u3057\u3067\u304b\u3089\u3060\u306e\u30b5\u30a4\u30ba\u3092\u6bd4\u3079\u3066\u307f\u308b\u3068\uff0c\u5bd2\u3044\u5730\u65b9\u306e\u7a2e\u306f\u304b\u3089\u3060\u304c\u5927\u304d\u304f\u306a\u308a\uff0c\u6691\u3044\u5730\u65b9\u306e\u7a2e\u985e\u306e\u7a2e\u306f\u304b\u3089\u3060\u304c\u5c0f\u3055\u304f\u306a\u308b\u50be\u5411\u304c\u898b\u3089\u308c\u308b\u3002\u3053\u308c\u3092\u30d9\u30eb\u30af\u30de\u30f3\u306e\u898f\u5247\u3068\u3044\u3044\uff0c\u6c17\u5019\u306b\u5bfe\u3059\u308b\u9069\u5fdc\u306e\u7d50\u679c\u3067\u3042\u308b\u3068\u8003\u3048\u3089\u308c\u308b\u3002<\/p>\n\n\n\n<p>\u3057\u304b\u3057\uff0c\u52d5\u7269\u306e\u304b\u3089\u3060\u306e\u30b5\u30a4\u30ba\u304c\u5909\u5316\u3059\u308b\u8981\u56e0\u306f\u6c17\u5019\u3070\u304b\u308a\u3067\u306f\u306a\u3044\u3002\u5cf6\u306e\u74b0\u5883\u306b\u751f\u606f\u3059\u308b\u7a2e\u3067\u306f\uff0c\u5927\u9678\u3084\u5927\u304d\u3044\u5cf6\u306b\u751f\u606f\u3059\u308b\u8fd1\u7e01\u306a\u7a2e\u306b\u5bfe\u3057\u3066\uff0c\u304b\u3089\u3060\u306e\u30b5\u30a4\u30ba\u304c\u5909\u5316\u3059\u308b\u3053\u3068\u304c\u89b3\u5bdf\u3055\u308c\u3066\u3044\u308b\u3002<\/p>\n\n\n\n<p>\u5927\u578b\u54fa\u4e73\u985e\u306b\u304a\u3044\u3066\u306f\uff0c\u5c0f\u3055\u3044\u5cf6\u306b\u751f\u606f\u3059\u308b\u7a2e\u306f\uff0c\u5927\u9678\u3084\u5927\u304d\u3044\u5cf6\u306b\u751f\u606f\u3059\u308b\u8fd1\u7e01\u306e\u7a2e\u3068\u6bd4\u8f03\u3057\u3066\u304b\u3089\u3060\u304c\u5c0f\u3055\u304f\u306a\u308b\u50be\u5411\u304c\u898b\u3089\u308c\u308b\u3002\u5c4b\u4e45\u5cf6\u306b\u751f\u606f\u3059\u308b\u30e4\u30af\u30b7\u30ab\u306f\u4f53\u9ad8\u7d0480\u339d\u3067\u3042\u308a\uff0c\u672c\u5dde\u306b\u751f\u606f\u3059\u308b\u30cb\u30db\u30f3\u30b8\u30ab\u306f\u4f53\u9ad8\u7d0490\u339d\u3067\u3042\u308b\u3002\u307e\u305f\uff0c\u6c96\u7e04\u306b\u751f\u606f\u3059\u308b\u30ea\u30e5\u30a6\u30ad\u30e5\u30a6\u30a4\u30ce\u30b7\u30b7\u306f\u4f53\u957790\uff5e140cm\u3067\u3042\u308a\uff0c\u672c\u5dde\u306b\u751f\u606f\u3059\u308b\u30a4\u30ce\u30b7\u30b7\u306f\u4f53\u9577150\uff5e170cm\u3067\u3042\u308b\u3002\u3053\u306e\u3088\u3046\u306b\u5cf6\u306b\u304a\u3044\u3066\u8fd1\u7e01\u306a\u7a2e\u306e\u304b\u3089\u3060\u306e\u30b5\u30a4\u30ba\u304c\u5909\u5316\u3059\u308b\u3053\u3068\u3092<ruby>\u5cf6<rp>(<\/rp><rt>\u3068\u3046<\/rt><rp>)<\/rp>\u5dbc<rp>(<\/rp><rt>\u3057\u3087<\/rt><rp>)<\/rp><\/ruby>\u5316\uff08\u30d5\u30a9\u30b9\u30bf\u30fc\u306e\u898f\u5247\uff09\u3068\u3044\u3046\u3002<\/p>\n\n\n\n<p>\u3069\u3046\u3057\u3066\u3053\u306e\u3088\u3046\u306a\u5909\u5316\u304c\u304a\u3053\u308b\u306e\u3060\u308d\u3046\u304b\u3002\u5cf6\u5dbc\u5316\u304c\u304a\u3053\u308b\u7406\u7531\u3068\u3057\u3066\uff0c\u98df\u6599\u8cc7\u6e90\u306e\u5236\u9650\uff0c\u6355\u98df\u3084\u7af6\u4e89\u306a\u3069\u306e\u8981\u56e0\u304c\u8003\u3048\u3089\u308c\u3066\u3044\u308b\u3002<\/p>\n\n\n\n<p>\u5c0f\u3055\u3044\u5cf6\u306f\uff0c\u5927\u9678\u3084\u5927\u304d\u3044\u5cf6\u306b\u6bd4\u3079\u3066\u3048\u3055\u3068\u306a\u308b\u8cc7\u6e90 \u304c\u5c11\u306a\u3044\u3002\u305d\u306e\u305f\u3081\uff0c\u5cf6\u3067\u751f\u606f\u3067\u304d\u308b\u500b\u4f53\u6570\u306f\u5236\u9650\u3055\u308c\u308b\u3002\u4e00\u65b9\u3067\uff0c\u500b\u4f53\u6570\u304c\u5c11\u306a\u304f\u306a\u308b\u3068\u8fd1\u4ea4\u5f31\u52e2\u306e\u5f71\u97ff\u306a\u3069\u306b\u3088\u308a\uff0c\u500b\u4f53\u7fa4\u306e\u7d76\u6ec5\u306e\u30ea\u30b9\u30af\u304c\u9ad8\u304f\u306a\u308b\u3002\u304b\u3089\u3060\u306e\u30b5\u30a4\u30ba\u304c\u5c0f\u3055\u304f\u306a\u308c\u3070\uff0c1\u500b\u4f53\u304c\u5229\u7528\u3059\u308b\u8cc7\u6e90\u304c\u5c11\u306a\u304f\u3059\u3080\u305f\u3081\uff0c\u500b\u4f53\u6570\u3092\u591a\u304f\u3059\u308b\u3053\u3068\u304c\u3067\u304d\u308b\u3002\u3053\u3046\u3057\u3066\uff0c\u5cf6\u306b\u751f\u606f\u3059\u308b\u5927\u578b\u54fa\u4e73\u985e\u306f\uff0c\u304b\u3089\u3060\u306e\u30b5\u30a4\u30ba\u3092\u5c0f\u3055\u304f\u3059\u308b\u3053\u3068\u3067\uff0c\u500b\u4f53\u7fa4\u304c\u5b58\u7d9a\u3067\u304d\u308b\u500b\u4f53\u6570\u3092\u78ba\u4fdd\u3059\u308b\u3088\u3046\u306b\u9032\u5316\u3057\u305f\u3068\u8003\u3048\u3089\u308c\u3066\u3044\u308b\u3002<\/p>\n\n\n\n<p>\u4e00\u65b9\uff0c\u5c0f\u578b\u306e\u54fa\u4e73\u985e\uff0c\u722c\u866b\u985e\uff0c\u6606\u866b\u306a\u3069\u3067\u306f\uff0c\u5cf6\u5dbc\u5316\u306b\u3088\u3063\u3066\u304b\u3089\u3060\u306e\u30b5\u30a4\u30ba\u304c\u5927\u304d\u304f\u306a\u308b\u3053\u3068\u304c\u3042\u308b\u3002\u5c0f\u578b\u306e\u52d5\u7269\u306f\u6355\u98df\u8005\u304b\u3089\u9003\u308c\u308b\u5fc5\u8981\u304c\u3042\u308b\u304c\uff0c\u6355\u98df\u8005\u304c\u3044\u306a\u3044\u5cf6\u306e\u5834\u5408\uff0c\u6355\u98df\u8005\u304b\u3089\u9003\u308c\u308b\u5fc5\u8981\u304c\u306a\u3044\u305f\u3081\uff0c\u304b\u3089\u3060\u306e\u30b5\u30a4\u30ba\u304c\u5927\u304d\u3044\u65b9\u304c\u751f\u5b58\u3057\u3084\u3059\u304f\u306a\u308b\u3002\u307e\u305f\uff0c\u5c0f\u578b\u306e\u52d5\u7269\u306a\u306e\u3067\uff0c\u5c11\u306a\u3044\u8cc7\u6e90\u3067\u3082\u7af6\u4e89\u304c\u8d77\u3053\u308a\u306b\u304f\u304f\uff0c\u5b58\u7d9a\u306b\u5341\u5206\u306a\u500b\u4f53\u6570\u3092\u7dad\u6301\u3067\u304d\u308b\u3002<\/p>\n\n\n\n<p>\u3053\u306e\u3088\u3046\u306b\uff0c\u751f\u7269\u306e\u304b\u3089\u3060\u306e\u30b5\u30a4\u30ba\u306e\u9032\u5316\u306f\uff0c\u3069\u306e\u3088\u3046\u306a\u81ea\u7136\u9078\u629e\u304c\u304b\u304b\u308b\u304b\u306b\u3088\u3063\u3066\u5909\u308f\u3063\u3066\u304f\u308b\u3002\u3055\u307e\u3056\u307e\u306a\u8fd1\u7e01\u306e\u7a2e\u306b\u304a\u3051\u308b\u304b\u3089\u3060\u306e\u30b5\u30a4\u30ba\u306e\u9055\u3044\u3092\u6bd4\u3079\u3066\u307f\u308b\u3068\u8208\u5473\u6df1\u3044\u3002<\/p>\n\n\n\n<figure class=\"wp-block-image size-large\"><img loading=\"lazy\" decoding=\"async\" width=\"1024\" height=\"424\" src=\"https:\/\/www.hamajima.co.jp\/rika\/bio\/wp-content\/uploads\/2023\/06\/\u56f31_\u30a2\u30fc\u30c8\u30dc\u30fc\u30c9-1-3-1024x424.png\" alt=\"\" class=\"wp-image-1926\" srcset=\"https:\/\/www.hamajima.co.jp\/rika\/bio\/wp-content\/uploads\/2023\/06\/\u56f31_\u30a2\u30fc\u30c8\u30dc\u30fc\u30c9-1-3-1024x424.png 1024w, https:\/\/www.hamajima.co.jp\/rika\/bio\/wp-content\/uploads\/2023\/06\/\u56f31_\u30a2\u30fc\u30c8\u30dc\u30fc\u30c9-1-3-300x124.png 300w, https:\/\/www.hamajima.co.jp\/rika\/bio\/wp-content\/uploads\/2023\/06\/\u56f31_\u30a2\u30fc\u30c8\u30dc\u30fc\u30c9-1-3-768x318.png 768w, https:\/\/www.hamajima.co.jp\/rika\/bio\/wp-content\/uploads\/2023\/06\/\u56f31_\u30a2\u30fc\u30c8\u30dc\u30fc\u30c9-1-3.png 1199w\" sizes=\"auto, (max-width: 767px) 89vw, (max-width: 1000px) 54vw, (max-width: 1071px) 543px, 580px\" \/><\/figure>\n\n\n\n<p>\u56f31\uff1a\u5cf6\u3067\u306e\u52d5\u7269\u306e\u304b\u3089\u3060\u306e\u30b5\u30a4\u30ba\u306f\uff0c\u5927\u9678\u3067\u306e\u30b5\u30a4\u30ba\u304c\u5c0f\u3055\u3044\u3068\u5927\u578b\u5316\u3057\uff0c\u5927\u304d\u3044\u3068\u5c0f\u578b\u5316\u3059\u308b\u50be\u5411\u304c\u3042\u308b\u3002\u5c0f\u3055\u3044\u5cf6\uff0c\u5927\u9678\u304b\u3089\u96e2\u308c\u305f\u5cf6\u307b\u3069\uff0c\u3053\u306e\u50be\u5411\u306f\u5927\u304d\u304f\u306a\u308b\u3068\u8003\u3048\u3089\u308c\u308b\u3002<\/p>\n\n\n\n<h4 class=\"wp-block-heading\">\u3010\u53c2\u8003\u6587\u732e\u3011<\/h4>\n\n\n\n<ul class=\"wp-block-list\">\n<li>Ben\u00edtez-L\u00f3pez A, Santini L, Gallego-Zamorano J, Mil\u00e1 B, Walkden P, Huijbregts MAJ, Tobias JA. The island rule explains consistent patterns of body size evolution in terrestrial vertebrates. Nat Ecol Evol. 2021 Jun;5(6):768-786<\/li>\n<\/ul>\n","protected":false},"excerpt":{"rendered":"<p>\u5cf6(\u3068\u3046)\u5dbc(\u3057\u3087)\u5316 &#8211; \u30d5\u30a9\u30b9\u30bf\u30fc\u306e\u898f\u5247 \u4e16\u754c\u4e2d\u306b\u306f\u69d8\u3005\u306a\u6c17\u5019\u304c\u3042\u308a\uff0c\u69d8\u3005\u306a\u751f\u7269\u304c\u9069\u5fdc\u3057\u3066\u3044\u308b\u3002\u30af\u30de\u306a\u3069\u54fa\u4e73\u985e\u3092\u4f8b\u306b\uff0c\u8fd1\u7e01\u306a\u7a2e\u3069\u3046\u3057\u3067\u304b\u3089\u3060\u306e\u30b5\u30a4\u30ba\u3092\u6bd4\u3079\u3066\u307f\u308b\u3068\uff0c\u5bd2\u3044\u5730\u65b9\u306e\u7a2e\u306f\u304b\u3089\u3060\u304c\u5927\u304d\u304f\u306a\u308a\uff0c\u6691\u3044\u5730 &hellip; <\/p>\n<p class=\"link-more\"><a href=\"https:\/\/www.hamajima.co.jp\/rika\/bio\/islandrule\/\" class=\"more-link\"><span class=\"screen-reader-text\">&#8220;\u3010\u9032\u5316View\u3011\u5cf6\u5dbc\u5316 &#8211; \u30d5\u30a9\u30b9\u30bf\u30fc\u306e\u898f\u5247&#8221; \u306e<\/span>\u7d9a\u304d\u3092\u8aad\u3080<\/a><\/p>\n","protected":false},"author":2,"featured_media":0,"parent":0,"menu_order":0,"comment_status":"closed","ping_status":"closed","template":"","meta":{"om_disable_all_campaigns":false,"_monsterinsights_skip_tracking":false,"_monsterinsights_sitenote_active":false,"_monsterinsights_sitenote_note":"","_monsterinsights_sitenote_category":0,"footnotes":""},"class_list":["post-1924","page","type-page","status-publish","hentry"],"aioseo_notices":[],"jetpack_sharing_enabled":true,"_links":{"self":[{"href":"https:\/\/www.hamajima.co.jp\/rika\/bio\/wp-json\/wp\/v2\/pages\/1924","targetHints":{"allow":["GET"]}}],"collection":[{"href":"https:\/\/www.hamajima.co.jp\/rika\/bio\/wp-json\/wp\/v2\/pages"}],"about":[{"href":"https:\/\/www.hamajima.co.jp\/rika\/bio\/wp-json\/wp\/v2\/types\/page"}],"author":[{"embeddable":true,"href":"https:\/\/www.hamajima.co.jp\/rika\/bio\/wp-json\/wp\/v2\/users\/2"}],"replies":[{"embeddable":true,"href":"https:\/\/www.hamajima.co.jp\/rika\/bio\/wp-json\/wp\/v2\/comments?post=1924"}],"version-history":[{"count":15,"href":"https:\/\/www.hamajima.co.jp\/rika\/bio\/wp-json\/wp\/v2\/pages\/1924\/revisions"}],"predecessor-version":[{"id":1944,"href":"https:\/\/www.hamajima.co.jp\/rika\/bio\/wp-json\/wp\/v2\/pages\/1924\/revisions\/1944"}],"wp:attachment":[{"href":"https:\/\/www.hamajima.co.jp\/rika\/bio\/wp-json\/wp\/v2\/media?parent=1924"}],"curies":[{"name":"wp","href":"https:\/\/api.w.org\/{rel}","templated":true}]}}